{"id":57099,"date":"2025-03-03T12:55:04","date_gmt":"2025-03-03T11:55:04","guid":{"rendered":"https:\/\/www.wumingfoundation.com\/giap\/?page_id=57099"},"modified":"2025-07-20T11:46:46","modified_gmt":"2025-07-20T09:46:46","slug":"wu-ming-come-contattarci","status":"publish","type":"page","link":"https:\/\/www.wumingfoundation.com\/giap\/wu-ming-come-contattarci\/","title":{"rendered":"Wu Ming: come contattarci \/ How to contact us"},"content":{"rendered":"<p><span style=\"font-size: small;\">English text below.<\/span><\/p>\n<p><b>Il nostro indirizzo email \u00e8:<\/b><br \/>\nwu_ming@wumingfoundation.com<\/p>\n<p>Scusateci fin da ora, non garantiamo di riuscire a leggere \u2013 tantomeno a rispondere \u2013 in tempi brevi. Il flusso \u00e8 ingente e noi non abbiamo segretari o \u00abmedia manager\u00bb: facciamo tutto da soli, quando e come possiamo.<\/p>\n<p>Per favore, non mandateci romanzi inediti chiedendoci un parere, prenderli in esame \u00e8 al di l\u00e0 delle nostre forze e possibilit\u00e0.<\/p>\n<p>Da anni abbiamo deciso di non firmare pi\u00f9 appelli, lettere aperte, petizioni et similia, per totale sfiducia maturata nei confronti dello strumento.<\/p>\n<p>Come Wu Ming non siamo su Facebook, n\u00e9 su X, n\u00e9 su Instagram, n\u00e9 su TikTok. Da anni usiamo Tumblr come archivio, e usiamo Telegram per inviare notifiche, ma non siamo &#8220;sociali&#8221; su alcun social network. Se interessa, <a href=\"https:\/\/www.wumingfoundation.com\/giap\/2019\/12\/lamore-e-fortissimo-il-corpo-no-1-twitter-addio\/\">nel 2019 spiegammo il perch\u00e9<\/a>.<\/p>\n<p><strong>N.B.<\/strong> Non siamo nemmeno su alcuna istanza Mastodon, l&#8217;esperimento dur\u00f2 solo alcuni mesi, chiudemmo l&#8217;account poco tempo dopo il post appena linkato, per la precisione ai primi di giugno del 2020.<\/p>\n<p>___<\/p>\n<p><strong>Our email address is:<\/strong><br \/>\nwu_ming@wumingfoundation.com<\/p>\n<p>We apologise in advance, we cannot guarantee that we will be able to read &#8211; let alone reply &#8211; in a short time. The flow is huge and we have no employees, we do everything ourselves, when and how we can.<\/p>\n<p>Please do not send us unpublished novels asking us for an opinion; to consider them is beyond our strength and possibilities.<\/p>\n<p>Years ago we decided we would no longer give our signature to appeals, open letters, petitions and the like, because of our total distrust in the effectivenes of this tool.<\/p>\n<p>We are not on Facebook, nor on X, nor on Instagram, nor on TikTok, nor any social network. We have been using Tumblr as an archive, and we use Telegram to send notifications, but generally speaking, we are not &#8220;sociable&#8221; on any social network. If you are interested, <a href=\"https:\/\/www.wumingfoundation.com\/giap\/2019\/12\/lamore-e-fortissimo-il-corpo-no-1-twitter-addio\/\">in 2019 we explained why<\/a>, but the explanation is in Italian.<\/p>\n<p>&nbsp;<\/p>\n<p><span style=\"color: #ffffff;\">&#8211;<\/span><\/p>\n<p><span style=\"color: #ffffff;\">&#8211;<\/span><\/p>\n","protected":false},"excerpt":{"rendered":"English text below. Il nostro indirizzo email \u00e8: wu_ming@wumingfoundation.com Scusateci fin da ora, non garantiamo di riuscire a leggere \u2013 tantomeno a rispondere \u2013 in tempi brevi. Il flusso \u00e8 ingente e noi non abbiamo segretari o \u00abmedia manager\u00bb: facciamo tutto da soli, quando e come possiamo. Per favore, non mandateci romanzi inediti chiedendoci un [&hellip;]","protected":false},"author":1,"featured_media":0,"parent":0,"menu_order":0,"comment_status":"closed","ping_status":"closed","template":"","meta":{"footnotes":""},"class_list":["post-57099","page","type-page","status-publish","hentry"],"yoast_head":"<!-- This site is optimized with the Yoast SEO plugin v27.3 - https:\/\/yoast.com\/product\/yoast-seo-wordpress\/ -->\n<title>Wu Ming: come contattarci \/ How to contact us - Giap<\/title>\n<meta name=\"robots\" content=\"index, follow, max-snippet:-1, max-image-preview:large, max-video-preview:-1\" \/>\n<link rel=\"canonical\" href=\"https:\/\/www.wumingfoundation.com\/giap\/wu-ming-come-contattarci\/\" \/>\n<meta property=\"og:locale\" content=\"it_IT\" \/>\n<meta property=\"og:type\" content=\"article\" \/>\n<meta property=\"og:title\" content=\"Wu Ming: come contattarci \/ How to contact us - Giap\" \/>\n<meta property=\"og:description\" content=\"English text below. Il nostro indirizzo email \u00e8: wu_ming@wumingfoundation.com Scusateci fin da ora, non garantiamo di riuscire a leggere \u2013 tantomeno a rispondere \u2013 in tempi brevi. Il flusso \u00e8 ingente e noi non abbiamo segretari o \u00abmedia manager\u00bb: facciamo tutto da soli, quando e come possiamo. Per favore, non mandateci romanzi inediti chiedendoci un [&hellip;]\" \/>\n<meta property=\"og:url\" content=\"https:\/\/www.wumingfoundation.com\/giap\/wu-ming-come-contattarci\/\" \/>\n<meta property=\"og:site_name\" content=\"Giap\" \/>\n<meta property=\"article:modified_time\" content=\"2025-07-20T09:46:46+00:00\" \/>\n<meta name=\"twitter:card\" content=\"summary_large_image\" \/>\n<meta name=\"twitter:site\" content=\"@Wu_Ming_Foundt\" \/>\n<meta name=\"twitter:label1\" content=\"Tempo di lettura stimato\" \/>\n\t<meta name=\"twitter:data1\" content=\"2 minuti\" \/>\n<script type=\"application\/ld+json\" class=\"yoast-schema-graph\">{\"@context\":\"https:\\\/\\\/schema.org\",\"@graph\":[{\"@type\":\"WebPage\",\"@id\":\"https:\\\/\\\/www.wumingfoundation.com\\\/giap\\\/wu-ming-come-contattarci\\\/\",\"url\":\"https:\\\/\\\/www.wumingfoundation.com\\\/giap\\\/wu-ming-come-contattarci\\\/\",\"name\":\"Wu Ming: come contattarci \\\/ How to contact us - Giap\",\"isPartOf\":{\"@id\":\"https:\\\/\\\/www.wumingfoundation.com\\\/giap\\\/#website\"},\"datePublished\":\"2025-03-03T11:55:04+00:00\",\"dateModified\":\"2025-07-20T09:46:46+00:00\",\"breadcrumb\":{\"@id\":\"https:\\\/\\\/www.wumingfoundation.com\\\/giap\\\/wu-ming-come-contattarci\\\/#breadcrumb\"},\"inLanguage\":\"it-IT\",\"potentialAction\":[{\"@type\":\"ReadAction\",\"target\":[\"https:\\\/\\\/www.wumingfoundation.com\\\/giap\\\/wu-ming-come-contattarci\\\/\"]}]},{\"@type\":\"BreadcrumbList\",\"@id\":\"https:\\\/\\\/www.wumingfoundation.com\\\/giap\\\/wu-ming-come-contattarci\\\/#breadcrumb\",\"itemListElement\":[{\"@type\":\"ListItem\",\"position\":1,\"name\":\"Home\",\"item\":\"https:\\\/\\\/www.wumingfoundation.com\\\/giap\\\/\"},{\"@type\":\"ListItem\",\"position\":2,\"name\":\"Wu Ming: come contattarci \\\/ How to contact us\"}]},{\"@type\":\"WebSite\",\"@id\":\"https:\\\/\\\/www.wumingfoundation.com\\\/giap\\\/#website\",\"url\":\"https:\\\/\\\/www.wumingfoundation.com\\\/giap\\\/\",\"name\":\"Giap\",\"description\":\"Il sito ufficiale di Wu Ming, collettivo di scrittori\",\"potentialAction\":[{\"@type\":\"SearchAction\",\"target\":{\"@type\":\"EntryPoint\",\"urlTemplate\":\"https:\\\/\\\/www.wumingfoundation.com\\\/giap\\\/?s={search_term_string}\"},\"query-input\":{\"@type\":\"PropertyValueSpecification\",\"valueRequired\":true,\"valueName\":\"search_term_string\"}}],\"inLanguage\":\"it-IT\"}]}<\/script>\n<!-- \/ Yoast SEO plugin. -->","yoast_head_json":{"title":"Wu Ming: come contattarci \/ How to contact us - Giap","robots":{"index":"index","follow":"follow","max-snippet":"max-snippet:-1","max-image-preview":"max-image-preview:large","max-video-preview":"max-video-preview:-1"},"canonical":"https:\/\/www.wumingfoundation.com\/giap\/wu-ming-come-contattarci\/","og_locale":"it_IT","og_type":"article","og_title":"Wu Ming: come contattarci \/ How to contact us - Giap","og_description":"English text below. Il nostro indirizzo email \u00e8: wu_ming@wumingfoundation.com Scusateci fin da ora, non garantiamo di riuscire a leggere \u2013 tantomeno a rispondere \u2013 in tempi brevi. Il flusso \u00e8 ingente e noi non abbiamo segretari o \u00abmedia manager\u00bb: facciamo tutto da soli, quando e come possiamo. Per favore, non mandateci romanzi inediti chiedendoci un [&hellip;]","og_url":"https:\/\/www.wumingfoundation.com\/giap\/wu-ming-come-contattarci\/","og_site_name":"Giap","article_modified_time":"2025-07-20T09:46:46+00:00","twitter_card":"summary_large_image","twitter_site":"@Wu_Ming_Foundt","twitter_misc":{"Tempo di lettura stimato":"2 minuti"},"schema":{"@context":"https:\/\/schema.org","@graph":[{"@type":"WebPage","@id":"https:\/\/www.wumingfoundation.com\/giap\/wu-ming-come-contattarci\/","url":"https:\/\/www.wumingfoundation.com\/giap\/wu-ming-come-contattarci\/","name":"Wu Ming: come contattarci \/ How to contact us - Giap","isPartOf":{"@id":"https:\/\/www.wumingfoundation.com\/giap\/#website"},"datePublished":"2025-03-03T11:55:04+00:00","dateModified":"2025-07-20T09:46:46+00:00","breadcrumb":{"@id":"https:\/\/www.wumingfoundation.com\/giap\/wu-ming-come-contattarci\/#breadcrumb"},"inLanguage":"it-IT","potentialAction":[{"@type":"ReadAction","target":["https:\/\/www.wumingfoundation.com\/giap\/wu-ming-come-contattarci\/"]}]},{"@type":"BreadcrumbList","@id":"https:\/\/www.wumingfoundation.com\/giap\/wu-ming-come-contattarci\/#breadcrumb","itemListElement":[{"@type":"ListItem","position":1,"name":"Home","item":"https:\/\/www.wumingfoundation.com\/giap\/"},{"@type":"ListItem","position":2,"name":"Wu Ming: come contattarci \/ How to contact us"}]},{"@type":"WebSite","@id":"https:\/\/www.wumingfoundation.com\/giap\/#website","url":"https:\/\/www.wumingfoundation.com\/giap\/","name":"Giap","description":"Il sito ufficiale di Wu Ming, collettivo di scrittori","potentialAction":[{"@type":"SearchAction","target":{"@type":"EntryPoint","urlTemplate":"https:\/\/www.wumingfoundation.com\/giap\/?s={search_term_string}"},"query-input":{"@type":"PropertyValueSpecification","valueRequired":true,"valueName":"search_term_string"}}],"inLanguage":"it-IT"}]}},"_links":{"self":[{"href":"https:\/\/www.wumingfoundation.com\/giap\/wp-json\/wp\/v2\/pages\/57099","targetHints":{"allow":["GET"]}}],"collection":[{"href":"https:\/\/www.wumingfoundation.com\/giap\/wp-json\/wp\/v2\/pages"}],"about":[{"href":"https:\/\/www.wumingfoundation.com\/giap\/wp-json\/wp\/v2\/types\/page"}],"author":[{"embeddable":true,"href":"https:\/\/www.wumingfoundation.com\/giap\/wp-json\/wp\/v2\/users\/1"}],"replies":[{"embeddable":true,"href":"https:\/\/www.wumingfoundation.com\/giap\/wp-json\/wp\/v2\/comments?post=57099"}],"version-history":[{"count":6,"href":"https:\/\/www.wumingfoundation.com\/giap\/wp-json\/wp\/v2\/pages\/57099\/revisions"}],"predecessor-version":[{"id":58336,"href":"https:\/\/www.wumingfoundation.com\/giap\/wp-json\/wp\/v2\/pages\/57099\/revisions\/58336"}],"wp:attachment":[{"href":"https:\/\/www.wumingfoundation.com\/giap\/wp-json\/wp\/v2\/media?parent=57099"}],"curies":[{"name":"wp","href":"https:\/\/api.w.org\/{rel}","templated":true}]}}