{"id":45983,"date":"2021-01-01T12:24:54","date_gmt":"2021-01-01T11:24:54","guid":{"rendered":"https:\/\/www.wumingfoundation.com\/giap\/?page_id=45983"},"modified":"2025-03-08T16:21:08","modified_gmt":"2025-03-08T15:21:08","slug":"morning-star","status":"publish","type":"page","link":"https:\/\/www.wumingfoundation.com\/giap\/morning-star\/","title":{"rendered":"<em>Morning Star<\/em>, A Novel by Wu Ming 4. English translation, full text, downloadable."},"content":{"rendered":"<div id=\"attachment_45993\" style=\"width: 810px\" class=\"wp-caption aligncenter\"><img loading=\"lazy\" decoding=\"async\" aria-describedby=\"caption-attachment-45993\" class=\"wp-image-45993 size-full\" src=\"https:\/\/www.wumingfoundation.com\/giap\/wp-content\/uploads\/2021\/01\/TELawrence.jpeg\" alt=\"T.E. Lawrence\" width=\"800\" height=\"1001\" srcset=\"https:\/\/www.wumingfoundation.com\/giap\/wp-content\/uploads\/2021\/01\/TELawrence.jpeg 800w, https:\/\/www.wumingfoundation.com\/giap\/wp-content\/uploads\/2021\/01\/TELawrence-240x300.jpeg 240w, https:\/\/www.wumingfoundation.com\/giap\/wp-content\/uploads\/2021\/01\/TELawrence-768x961.jpeg 768w\" sizes=\"auto, (max-width: 800px) 100vw, 800px\" \/><p id=\"caption-attachment-45993\" class=\"wp-caption-text\">T.E. Lawrence, 1888 &#8211; 1935.<\/p><\/div>\n<p><em>Morning Star<\/em> [Stella del mattino] is Wu Ming 4&#8217;s first solo novel, originally published in Italian in 2008. Since then, it has been translated into Spanish (<a href=\"https:\/\/acuarelalibros.blogspot.com\/2012\/05\/estrella-del-alba-wu-ming-4-novedad-en.html\"><em>Estrella del alba<\/em><\/a>, Acuarela, Madrid, 2012) and French (<span id=\"productTitle\" class=\"a-size-extra-large\"><a href=\"https:\/\/editions-metailie.com\/livre\/letoile-du-matin\/\"><em>L&#8217;\u00c9toile du matin<\/em><\/a>, M\u00e9taili\u00e9, Paris 2012).<\/span><\/p>\n<p><em><a href=\"https:\/\/acuarelalibros.blogspot.com\/2012\/05\/estrella-del-alba-wu-ming-4-novedad-en.html\"><img loading=\"lazy\" decoding=\"async\" class=\"alignright wp-image-45986\" src=\"https:\/\/www.wumingfoundation.com\/giap\/wp-content\/uploads\/2021\/01\/estrella.jpg\" alt=\"\" width=\"150\" height=\"224\" \/><\/a><\/em>The novel&#8217;s main character is <strong>Thomas Edward Lawrence<\/strong>, better known as Lawrence of Arabia, the British liaison officer who during World War I fomented and accompanied the Arab revolt against the Ottoman Empire. From that experience he drew a ponderous memoir, <em>The Seven Pillars of Wisdom<\/em>, first written in Paris in 1919 and then rewritten between 1919 and 1921, during his stay in Oxford.<\/p>\n<p><em>Morning Star<\/em> takes place precisely in that time frame and in that city \u2013 with some flashbacks to Arab-Middle Eastern scenarios, since Lawrence&#8217;s story is also a sort of prism through which to observe the events of the birth of the Middle East as we know it today.<\/p>\n<p><em><a href=\"https:\/\/editions-metailie.com\/livre\/letoile-du-matin\/\"><img loading=\"lazy\" decoding=\"async\" class=\"alignleft wp-image-45987\" src=\"https:\/\/www.wumingfoundation.com\/giap\/wp-content\/uploads\/2021\/01\/etoile.jpg\" alt=\"\" width=\"150\" height=\"230\" srcset=\"https:\/\/www.wumingfoundation.com\/giap\/wp-content\/uploads\/2021\/01\/etoile.jpg 325w, https:\/\/www.wumingfoundation.com\/giap\/wp-content\/uploads\/2021\/01\/etoile-195x300.jpg 195w\" sizes=\"auto, (max-width: 150px) 100vw, 150px\" \/><\/a><\/em>In that same period three other WW1 veterans were also in Oxford. They would become quite famous in the years to follow.<br \/>\n<strong>Robert Graves<\/strong> was already publishing poetry, as an exponent of the so-called War Poets.<br \/>\n<strong>John Ronald Reuel Tolkien<\/strong> was a member of the staff of philologists working on the Oxford English Dictionary.<br \/>\n<strong>Clive Staples Lewis<\/strong>, known as Jack, was the youngest and most &#8220;complicated&#8221;. In the second half of the 1920s he would become Tolkien&#8217;s colleague and friend.<\/p>\n<p><em>Morning Star<\/em> recounts their encounters \u2013 friendly or conflicting, intentional or fortuitous, real or imaginary \u2013 with T. E. Lawrence, a very ambiguous and multifaceted character, as well as the first modern pop star, who inspired essays, novels, documentaries and films.<\/p>\n<p><strong>Salwa Khoddam<\/strong>, writer and founder of the the C.S. Lewis and Inklings Society (CSLIS), and <strong>Maurizio Vito<\/strong>, a scholar in contemporary Italian literature, translated the novel into English, out of pure passion for its multiple subject matters, with no contract or professional obligation towards any publisher. We decided to make their translation available to our readers.<\/p>\n<h3 style=\"text-align: center;\"><strong>DOWNLOAD<\/strong><br \/>\n<a href=\"https:\/\/www.wumingfoundation.com\/WM4_Morning_Star_English_translation.odt\"><strong>Odt<\/strong><\/a> &#8211; <a href=\"https:\/\/www.wumingfoundation.com\/WM4_Morning_Star_English_translation.pdf\"><strong>Pdf<\/strong><\/a> &#8211; <a href=\"https:\/\/www.wumingfoundation.com\/WM4_Morning_Star_English_translation.epub\"><strong>ePub<\/strong><\/a><\/h3>\n<p><strong>Wu Ming 4<\/strong> is a member of the Wu Ming collective of writers and cultural theorists in Bologna. He co-authored such novels as <em>Q<\/em> (under the name &#8220;Luther Blissett&#8221;), <em>54<\/em>, <em>Manituana<\/em>, <em>Altai<\/em>, <em>The Army of Sleepwalkers<\/em> and <em>Proletkult<\/em>. He&#8217;s the author of several &#8220;solo&#8221; books, including two non-fiction works on JRR Tolkien&#8217;s literary and cultural legacy. He&#8217;s one of the founders of the <a href=\"https:\/\/www.jrrtolkien.it\/\">Associazione Italiana Studi Tolkieniani<\/a> (AIST) and the editor-in-chief of <a href=\"https:\/\/iquadernidiarda.it\/\"><em>Quaderni di Arda<\/em><\/a>, a \u00abReview of Tolkien Studies and fantastic worlds\u00bb.<\/p>\n<p><b>Salwa Khoddam<\/b>, born in Lebanon, was educated at the University of Kansas and Oklahoma State University (OSU), USA, obtaining her doctorate in early British Literature at OSU. She was Professor of English for approximately 25 years at Oklahoma City University (OCU), where she taught courses in Classical Mythology, Early British Literature, early Western Literature, and C.S. Lewis.<br \/>\nShe has published several poems in <i>The Classical Association CA News.<\/i> She authored a book on C. S. Lewis\u2019s Narnia series entitled <i>Mythopeic Narnia: Memory, Metaphor, and Metamorphoses in the Chronicles of Narnia<\/i> (Winged Lion Press, 2013). She published several articles and book reviews on C. S. Lewis and co-edited three anthologies of essays on the Inklings, titled <i>Truths Breathed through Silver: The Inklings\u2019 Moral and Mythopoeic Legacy <\/i>(Cambridge Scholars Publishing, 2008), <i>C. S. Lewis and the Inklings: Discovering Hidden Truth<\/i> (CSP, 2012), and <i>C. S. Lewis and the Inklings: Reflections on Faith, Imagination, and Modern Technology<\/i> (CSP, 2015).<br \/>\nSalwa directed the first annual conference on Lewis in Oklahoma at OCU in 1998, founded the C.S. Lewis and Inklings Society (CSLIS) in 2004, and is its 2017-2018 president. She also directed conferences on Lewis and the Inklings at OCU in 2003 and 2010. She is now Professor Emerita of English and continues with her research, writing, and teaching on a limited basis. Aside from the Inklings, her other interests are Dante, Tasso, and classical mythology.<\/p>\n<p><b>Maurizio Vito<\/b> holds a <i>laurea<\/i> in Philosophy from the University of Verona and a Ph.D. in Italian Studies from the University of California, Berkeley. His first book <i>Terra e Mare. Metafore e politica in conflitto<\/i> was published in 2012. He published extensively both in English and in Italian. Currently, he holds a position as Lecturer at the University of Oklahoma.<\/p>\n<p>&nbsp;<\/p>\n<p><span style=\"color: #ffffff;\">&#8211;<\/span><\/p>\n<p><span style=\"color: #ffffff;\">&#8211;<\/span><\/p>\n<p>&nbsp;<\/p>\n<p>&nbsp;<\/p>\n","protected":false},"excerpt":{"rendered":"Morning Star [Stella del mattino] is Wu Ming 4&#8217;s first solo novel, originally published in Italian in 2008. Since then, it has been translated into Spanish (Estrella del alba, Acuarela, Madrid, 2012) and French (L&#8217;\u00c9toile du matin, M\u00e9taili\u00e9, Paris 2012). The novel&#8217;s main character is Thomas Edward Lawrence, better known as Lawrence of Arabia, the [&hellip;]","protected":false},"author":1,"featured_media":45993,"parent":0,"menu_order":0,"comment_status":"open","ping_status":"closed","template":"","meta":{"footnotes":""},"class_list":["post-45983","page","type-page","status-publish","has-post-thumbnail","hentry"],"yoast_head":"<!-- This site is optimized with the Yoast SEO plugin v27.4 - https:\/\/yoast.com\/product\/yoast-seo-wordpress\/ -->\n<title>Morning Star, A Novel by Wu Ming 4. English translation, full text, downloadable. - Giap<\/title>\n<meta name=\"description\" content=\"Morning Star [Stella del mattino] is Wu Ming 4&#039;s first solo novel, originally published in Italian in 2008.\" \/>\n<meta name=\"robots\" content=\"index, follow, max-snippet:-1, max-image-preview:large, max-video-preview:-1\" \/>\n<link rel=\"canonical\" href=\"https:\/\/www.wumingfoundation.com\/giap\/morning-star\/\" \/>\n<meta property=\"og:locale\" content=\"it_IT\" \/>\n<meta property=\"og:type\" content=\"article\" \/>\n<meta property=\"og:title\" content=\"Morning Star, A Novel by Wu Ming 4. English translation, full text, downloadable. - Giap\" \/>\n<meta property=\"og:description\" content=\"Morning Star [Stella del mattino] is Wu Ming 4&#039;s first solo novel, originally published in Italian in 2008.\" \/>\n<meta property=\"og:url\" content=\"https:\/\/www.wumingfoundation.com\/giap\/morning-star\/\" \/>\n<meta property=\"og:site_name\" content=\"Giap\" \/>\n<meta property=\"article:modified_time\" content=\"2025-03-08T15:21:08+00:00\" \/>\n<meta property=\"og:image\" content=\"https:\/\/www.wumingfoundation.com\/giap\/wp-content\/uploads\/2021\/01\/TELawrence.jpeg\" \/>\n\t<meta property=\"og:image:width\" content=\"800\" \/>\n\t<meta property=\"og:image:height\" content=\"1001\" \/>\n\t<meta property=\"og:image:type\" content=\"image\/jpeg\" \/>\n<meta name=\"twitter:card\" content=\"summary_large_image\" \/>\n<meta name=\"twitter:site\" content=\"@Wu_Ming_Foundt\" \/>\n<meta name=\"twitter:label1\" content=\"Tempo di lettura stimato\" \/>\n\t<meta name=\"twitter:data1\" content=\"5 minuti\" \/>\n<script type=\"application\/ld+json\" class=\"yoast-schema-graph\">{\"@context\":\"https:\\\/\\\/schema.org\",\"@graph\":[{\"@type\":\"WebPage\",\"@id\":\"https:\\\/\\\/www.wumingfoundation.com\\\/giap\\\/morning-star\\\/\",\"url\":\"https:\\\/\\\/www.wumingfoundation.com\\\/giap\\\/morning-star\\\/\",\"name\":\"Morning Star, A Novel by Wu Ming 4. English translation, full text, downloadable. - Giap\",\"isPartOf\":{\"@id\":\"https:\\\/\\\/www.wumingfoundation.com\\\/giap\\\/#website\"},\"primaryImageOfPage\":{\"@id\":\"https:\\\/\\\/www.wumingfoundation.com\\\/giap\\\/morning-star\\\/#primaryimage\"},\"image\":{\"@id\":\"https:\\\/\\\/www.wumingfoundation.com\\\/giap\\\/morning-star\\\/#primaryimage\"},\"thumbnailUrl\":\"https:\\\/\\\/www.wumingfoundation.com\\\/giap\\\/wp-content\\\/uploads\\\/2021\\\/01\\\/TELawrence.jpeg\",\"datePublished\":\"2021-01-01T11:24:54+00:00\",\"dateModified\":\"2025-03-08T15:21:08+00:00\",\"description\":\"Morning Star [Stella del mattino] is Wu Ming 4's first solo novel, originally published in Italian in 2008.\",\"breadcrumb\":{\"@id\":\"https:\\\/\\\/www.wumingfoundation.com\\\/giap\\\/morning-star\\\/#breadcrumb\"},\"inLanguage\":\"it-IT\",\"potentialAction\":[{\"@type\":\"ReadAction\",\"target\":[\"https:\\\/\\\/www.wumingfoundation.com\\\/giap\\\/morning-star\\\/\"]}]},{\"@type\":\"ImageObject\",\"inLanguage\":\"it-IT\",\"@id\":\"https:\\\/\\\/www.wumingfoundation.com\\\/giap\\\/morning-star\\\/#primaryimage\",\"url\":\"https:\\\/\\\/www.wumingfoundation.com\\\/giap\\\/wp-content\\\/uploads\\\/2021\\\/01\\\/TELawrence.jpeg\",\"contentUrl\":\"https:\\\/\\\/www.wumingfoundation.com\\\/giap\\\/wp-content\\\/uploads\\\/2021\\\/01\\\/TELawrence.jpeg\",\"width\":800,\"height\":1001},{\"@type\":\"BreadcrumbList\",\"@id\":\"https:\\\/\\\/www.wumingfoundation.com\\\/giap\\\/morning-star\\\/#breadcrumb\",\"itemListElement\":[{\"@type\":\"ListItem\",\"position\":1,\"name\":\"Home\",\"item\":\"https:\\\/\\\/www.wumingfoundation.com\\\/giap\\\/\"},{\"@type\":\"ListItem\",\"position\":2,\"name\":\"Morning Star, A Novel by Wu Ming 4. English translation, full text, downloadable.\"}]},{\"@type\":\"WebSite\",\"@id\":\"https:\\\/\\\/www.wumingfoundation.com\\\/giap\\\/#website\",\"url\":\"https:\\\/\\\/www.wumingfoundation.com\\\/giap\\\/\",\"name\":\"Giap\",\"description\":\"Il sito ufficiale di Wu Ming, collettivo di scrittori\",\"potentialAction\":[{\"@type\":\"SearchAction\",\"target\":{\"@type\":\"EntryPoint\",\"urlTemplate\":\"https:\\\/\\\/www.wumingfoundation.com\\\/giap\\\/?s={search_term_string}\"},\"query-input\":{\"@type\":\"PropertyValueSpecification\",\"valueRequired\":true,\"valueName\":\"search_term_string\"}}],\"inLanguage\":\"it-IT\"}]}<\/script>\n<!-- \/ Yoast SEO plugin. -->","yoast_head_json":{"title":"Morning Star, A Novel by Wu Ming 4. English translation, full text, downloadable. - Giap","description":"Morning Star [Stella del mattino] is Wu Ming 4's first solo novel, originally published in Italian in 2008.","robots":{"index":"index","follow":"follow","max-snippet":"max-snippet:-1","max-image-preview":"max-image-preview:large","max-video-preview":"max-video-preview:-1"},"canonical":"https:\/\/www.wumingfoundation.com\/giap\/morning-star\/","og_locale":"it_IT","og_type":"article","og_title":"Morning Star, A Novel by Wu Ming 4. English translation, full text, downloadable. - Giap","og_description":"Morning Star [Stella del mattino] is Wu Ming 4's first solo novel, originally published in Italian in 2008.","og_url":"https:\/\/www.wumingfoundation.com\/giap\/morning-star\/","og_site_name":"Giap","article_modified_time":"2025-03-08T15:21:08+00:00","og_image":[{"width":800,"height":1001,"url":"https:\/\/www.wumingfoundation.com\/giap\/wp-content\/uploads\/2021\/01\/TELawrence.jpeg","type":"image\/jpeg"}],"twitter_card":"summary_large_image","twitter_site":"@Wu_Ming_Foundt","twitter_misc":{"Tempo di lettura stimato":"5 minuti"},"schema":{"@context":"https:\/\/schema.org","@graph":[{"@type":"WebPage","@id":"https:\/\/www.wumingfoundation.com\/giap\/morning-star\/","url":"https:\/\/www.wumingfoundation.com\/giap\/morning-star\/","name":"Morning Star, A Novel by Wu Ming 4. English translation, full text, downloadable. - Giap","isPartOf":{"@id":"https:\/\/www.wumingfoundation.com\/giap\/#website"},"primaryImageOfPage":{"@id":"https:\/\/www.wumingfoundation.com\/giap\/morning-star\/#primaryimage"},"image":{"@id":"https:\/\/www.wumingfoundation.com\/giap\/morning-star\/#primaryimage"},"thumbnailUrl":"https:\/\/www.wumingfoundation.com\/giap\/wp-content\/uploads\/2021\/01\/TELawrence.jpeg","datePublished":"2021-01-01T11:24:54+00:00","dateModified":"2025-03-08T15:21:08+00:00","description":"Morning Star [Stella del mattino] is Wu Ming 4's first solo novel, originally published in Italian in 2008.","breadcrumb":{"@id":"https:\/\/www.wumingfoundation.com\/giap\/morning-star\/#breadcrumb"},"inLanguage":"it-IT","potentialAction":[{"@type":"ReadAction","target":["https:\/\/www.wumingfoundation.com\/giap\/morning-star\/"]}]},{"@type":"ImageObject","inLanguage":"it-IT","@id":"https:\/\/www.wumingfoundation.com\/giap\/morning-star\/#primaryimage","url":"https:\/\/www.wumingfoundation.com\/giap\/wp-content\/uploads\/2021\/01\/TELawrence.jpeg","contentUrl":"https:\/\/www.wumingfoundation.com\/giap\/wp-content\/uploads\/2021\/01\/TELawrence.jpeg","width":800,"height":1001},{"@type":"BreadcrumbList","@id":"https:\/\/www.wumingfoundation.com\/giap\/morning-star\/#breadcrumb","itemListElement":[{"@type":"ListItem","position":1,"name":"Home","item":"https:\/\/www.wumingfoundation.com\/giap\/"},{"@type":"ListItem","position":2,"name":"Morning Star, A Novel by Wu Ming 4. English translation, full text, downloadable."}]},{"@type":"WebSite","@id":"https:\/\/www.wumingfoundation.com\/giap\/#website","url":"https:\/\/www.wumingfoundation.com\/giap\/","name":"Giap","description":"Il sito ufficiale di Wu Ming, collettivo di scrittori","potentialAction":[{"@type":"SearchAction","target":{"@type":"EntryPoint","urlTemplate":"https:\/\/www.wumingfoundation.com\/giap\/?s={search_term_string}"},"query-input":{"@type":"PropertyValueSpecification","valueRequired":true,"valueName":"search_term_string"}}],"inLanguage":"it-IT"}]}},"_links":{"self":[{"href":"https:\/\/www.wumingfoundation.com\/giap\/wp-json\/wp\/v2\/pages\/45983","targetHints":{"allow":["GET"]}}],"collection":[{"href":"https:\/\/www.wumingfoundation.com\/giap\/wp-json\/wp\/v2\/pages"}],"about":[{"href":"https:\/\/www.wumingfoundation.com\/giap\/wp-json\/wp\/v2\/types\/page"}],"author":[{"embeddable":true,"href":"https:\/\/www.wumingfoundation.com\/giap\/wp-json\/wp\/v2\/users\/1"}],"replies":[{"embeddable":true,"href":"https:\/\/www.wumingfoundation.com\/giap\/wp-json\/wp\/v2\/comments?post=45983"}],"version-history":[{"count":1,"href":"https:\/\/www.wumingfoundation.com\/giap\/wp-json\/wp\/v2\/pages\/45983\/revisions"}],"predecessor-version":[{"id":57159,"href":"https:\/\/www.wumingfoundation.com\/giap\/wp-json\/wp\/v2\/pages\/45983\/revisions\/57159"}],"wp:featuredmedia":[{"embeddable":true,"href":"https:\/\/www.wumingfoundation.com\/giap\/wp-json\/wp\/v2\/media\/45993"}],"wp:attachment":[{"href":"https:\/\/www.wumingfoundation.com\/giap\/wp-json\/wp\/v2\/media?parent=45983"}],"curies":[{"name":"wp","href":"https:\/\/api.w.org\/{rel}","templated":true}]}}