{"id":24774,"date":"2016-04-23T12:25:09","date_gmt":"2016-04-23T10:25:09","guid":{"rendered":"http:\/\/www.wumingfoundation.com\/giap\/?page_id=24774"},"modified":"2016-12-01T20:30:06","modified_gmt":"2016-12-01T19:30:06","slug":"spettacoli-letture-reading-e-concerti-in-tournee","status":"publish","type":"page","link":"https:\/\/www.wumingfoundation.com\/giap\/spettacoli-letture-reading-e-concerti-in-tournee\/","title":{"rendered":"Spettacoli, letture, reading e concerti in tourn\u00e9e."},"content":{"rendered":"<h4 style=\"text-align: center;\"><b>Schegge di shrapnel\u00a0<\/b>(2016)<\/h4>\n<p><img loading=\"lazy\" decoding=\"async\" class=\"aligncenter size-full wp-image-24775\" src=\"http:\/\/www.wumingfoundation.com\/giap\/wp-content\/uploads\/2016\/04\/WUMINGcover.jpg\" alt=\"WUMINGcover\" width=\"500\" height=\"453\" \/><\/p>\n<p>Secondo album per il <strong><a href=\"https:\/\/www.facebook.com\/wumingcontingent\/\">Wu Ming Contingent<\/a><\/strong>,<strong>\u00a0<\/strong>sezione musicale della Wu Ming Foundation. Collegato a\u00a0<em>L&#8217;invisibile ovunque.\u00a0<\/em>I testi sono tratti da documenti, lettere, cartelle cliniche, sentenze, poesie e diari che danno voce al\u00a0tentativo di\u00a0uomini e donne di sfuggire al massacro della <strong>Grande guerra<\/strong>.<\/p>\n<p>Per i concerti\u00a0del 2016, la band \u00e8 formata da Wu Ming 2,\u00a0<strong>Yu Guerra, Cesare Ferioli\u00a0<\/strong>e\u00a0<strong><a href=\"https:\/\/www.facebook.com\/Egle-Sommacal-642334912549663\/\">Egle Sommacal.<\/a><\/strong><\/p>\n<p><a href=\"http:\/\/www.wumingfoundation.com\/giap\/?cat=2710\">Qui<\/a> per saperne di pi\u00f9.<\/p>\n<p><a href=\"https:\/\/www.youtube.com\/playlist?list=PLNxDN0JpXaUDjFqkHlgiUmbnHo9nOpIpC\">Qui<\/a> per ascoltare le tracce del disco, pubblicato da <a href=\"http:\/\/www.woodworm-music.com\/shop\/wu-ming-schegge-shrapnel-cdlp\/\">Woodworm label<\/a> nel febbraio 2016.<\/p>\n<p>Per contatti potete scrivere a\u00a0noi (wu_ming[presso]wumingfoundation.com)\u00a0o a\u00a0<a href=\"http:\/\/www.locusta.net\/\">Locusta booking<\/a>.<\/p>\n<h4 style=\"text-align: center;\"><strong>Razza Partigiana\u00a0<\/strong>(in tour dall&#8217;aprile 2008)<\/h4>\n<p><img loading=\"lazy\" decoding=\"async\" class=\"aligncenter size-full wp-image-737\" src=\"http:\/\/www.wumingfoundation.com\/giap\/wp-content\/uploads\/2010\/06\/RazzaP-Reading.jpg\" alt=\"RazzaP Reading\" width=\"339\" height=\"342\" \/><\/p>\n<p>Questa lettura-concerto\u00a0racconta la storia di <a href=\"http:\/\/www.razzapartigiana.it\/\">Giorgio Marincola<\/a>, partigiano italo-somalo, che combatt\u00e9 a Roma, in provincia di Viterbo, nel biellese e in Val di Fiemme.<\/p>\n<p><a href=\"https:\/\/www.youtube.com\/playlist?list=PL074E466C57975F7D\">Qui<\/a> si possono ascoltare le tracce della <strong>registrazione in studio<\/strong> e <a href=\"http:\/\/www.wumingfoundation.com\/Basta_uno_sparo.pdf\">qui<\/a>\u00a0si scarica il <strong>testo<\/strong>, in formato pdf, cos\u00ec come venne pubblicato nel volume\u00a0<em>Basta uno sparo. Storia di un partigiano italo-somalo nella Resistenza italiana\u00a0<\/em>(Transeuropa, 2010 &#8211; libro + CD &#8211; ormai esaurito).<\/p>\n<p>La band \u00e8 formata da <strong>Wu Ming 2,<\/strong>\u00a0<strong>Paul Pieretto<\/strong> e <strong>Federico Oppi<\/strong> (Settlefish, A Classic Education), <strong><a href=\"https:\/\/www.facebook.com\/Egle-Sommacal-642334912549663\/\">Egle Sommacal<\/a><\/strong> (Massimo Volume) e <strong><a href=\"https:\/\/it-it.facebook.com\/Stefano-Pilia-425935350827848\/\">Stefano Pilia<\/a><\/strong> (Massimo Volume, Afterhours, Rokia Traor\u00e9).<\/p>\n<p>Lo spettacolo fa parte di un pi\u00f9 vasto progetto di &#8220;storia pubblica&#8221; e &#8220;narrazione transmediale multiautore&#8221;, che comprende anche:<br \/>\n&#8211; Il saggio storico<a href=\"http:\/\/www.iacobellieditore.it\/catalogo\/razza-partigiana\/\"> <em>Razza Partigiana<\/em><\/a>, di Carlo Costa e Lorenzo Teodonio. Pubblicato per la prima volta da Iacobelli nel maggio 2008 e ripubblicato nel 2016, in versione aggiornata + CD con la registrazione in studio del reading omonimo.<br \/>\n&#8211; Il romanzo <em><a href=\"http:\/\/www.einaudi.it\/libri\/libro\/wu-ming-2-antar-mohamed\/timira\/978880620592\">Timira<\/a><\/em> (Einaudi 2012), di Antar Mohamed, Wu Ming 2 e Isabella Marincola, basato sulla strabiliante biografia della sorella di Giorgio.<br \/>\n&#8211; Il cortometraggio <em><a href=\"https:\/\/www.youtube.com\/watch?v=ivqZeYkMCm0\">Quale razza?<\/a><\/em> di Aureliano Amadei.<br \/>\n&#8211; La performance teatrale <em><a href=\"https:\/\/player.fm\/series\/radio-giap-rebelde-laudioteca-di-wu-ming\/come-fratelli-e-sorelle-vite-profughe-esistenze-partigiane\">Come fratelli e sorelle. Vite profughe, esistenze partigiane<\/a><\/em> di Tamara Bartolini e Michele Baronio.<\/p>\n<p><strong>Info &amp; booking<\/strong>: wu_ming [presso] wumingfoundation.com oppure <a href=\"http:\/\/bpmconcerti.com\/\">BPM concerti<\/a>.<\/p>\n<h4 style=\"text-align: center;\"><strong>L&#8217;alfabeto delle orme\u00a0<\/strong>(dal 2014)<\/h4>\n<p><img loading=\"lazy\" decoding=\"async\" class=\"aligncenter size-full wp-image-24777\" src=\"http:\/\/www.wumingfoundation.com\/giap\/wp-content\/uploads\/2016\/04\/Tolentino.jpeg\" alt=\"Tolentino\" width=\"500\" height=\"245\" \/><\/p>\n<p>Testi di autori anglosassoni come <strong>Stevenson, Whitman, Shakespeare, Thoreau<\/strong>, tratti dall&#8217;antologia per camminatori <em><a href=\"http:\/\/www.edizionideicammini.it\/libro\/wu-ming-2-la-via-del-sentiero\/\">La via del sentiero<\/a><\/em>, a cura di Wu Ming 2, pubblicata nel 2015 dalle Edizioni dei Cammini con allegato il CD dello spettacolo.<\/p>\n<p>La band \u00e8 formata da Wu Ming 2 + <a href=\"http:\/\/www.fridax.com\/\"><strong>Frida X<\/strong>.<\/a><\/p>\n<p><strong>Info &amp; booking<\/strong> alla nostra solita mail: \u00a0wu_ming [presso]\u00a0wumingfoundation.com<\/p>\n<h4 style=\"text-align: center;\"><strong>Surgelati\u00a0<\/strong>(dal 2013)<\/h4>\n<p><img loading=\"lazy\" decoding=\"async\" class=\"aligncenter size-medium wp-image-20189\" src=\"http:\/\/www.wumingfoundation.com\/giap\/wp-content\/uploads\/2015\/01\/SURGELATI-300x300.jpg\" alt=\"SURGELATI\" width=\"300\" height=\"300\" \/><\/p>\n<p>Un ragazzo si risveglia in una stanza d\u2019ospedale e tutto, ai suoi occhi, \u00e8 bianco, neutro, indefinito. Persino la propria\u00a0immagine nello specchio. Lo hanno\u00a0ritrovato in stato di assideramento in fondo a un camion frigorifero, sul quale ha attraversato il mare e varcato da clandestino\u00a0una frontiera. Ora la sua faccia non ha pi\u00f9 espressioni, la sua identit\u00e0 \u00e8 surgelata, ma non pu\u00f2 scongelarsi perch\u00e9 tutti lo bloccano in\u00a0un ruolo adatto\u00a0alla sua condizione di straniero, escludendo ogni\u00a0\u00a0altra ipotesi e senza mai ascoltarlo davvero.<\/p>\n<p><em><a href=\"http:\/\/youtu.be\/8L7DfcYRlMs\">Surgelati<\/a><\/em> \u00e8 stato scritto, composto e prodotto in forma collettiva da Wu Ming 2 e Contradamerla. Articolato come fosse un concept-album, lo spettacolo prova a reinventare la forma concerto, arricchendola di una definita continuit\u00e0 narrativa. <em>Surgelati<\/em> non \u00e8 il semplice adattamento di una serie di testi a una serie di musiche, ma un esperimento di fusione (a caldo) di entrambi gli elementi in un solo corpo emozionale, in cui la parola pu\u00f2 rivestire la parte del suono e la musica pu\u00f2 farsi racconto.<\/p>\n<p>La band \u00e8 formata da Wu Ming 2 e <strong>Contradamerla<\/strong>.<\/p>\n<p><strong>Per info<\/strong>: <a href=\"http:\/\/www.molotovbooking.com\/roster\/wu-ming-2-feat.-contradamerla\">Molotov booking<\/a>.<\/p>\n<h4 style=\"text-align: center;\"><strong>Emilio Comici Blues <\/strong>(in tour dal 2013)<\/h4>\n<p style=\"text-align: center;\"><img loading=\"lazy\" decoding=\"async\" class=\"aligncenter size-full wp-image-26860\" src=\"http:\/\/www.wumingfoundation.com\/giap\/wp-content\/uploads\/2016\/04\/comici_03-450x628.jpg\" alt=\"Emilio Comici\" width=\"450\" height=\"628\" \/><\/p>\n<p><em>Emilio Comici Blues<\/em> \u00e8 tratto dal libro <a href=\"http:\/\/www.anobii.com\/books\/Point_Lenana\/9788806210755\/016afd455d4260917d\"><em>Point Lenana<\/em><\/a> di WM1 e <strong>Roberto Santachiara<\/strong> e racconta la vita di<strong> Emilio Comici<\/strong> (1901 \u2013 1940), grande alpinista triestino, uno dei pi\u00f9 grandi della prima met\u00e0 del XX secolo.\u00a0Di Comici si raccontano\u00a0i successi, le amicizie, le\u00a0infuenze su altri alpinisti, ma anche il contraddittorio rapporto col fascismo, gli screzi con le istituzioni sportive del regime (a partire dal CAI della presidenza Manaresi), e soprattutto le zone d&#8217;ombra, gli attacchi di auto-disistima, i lunghi periodi di depressione.<\/p>\n<p>Wu Ming 1 e i Funambolique\u00a0cercano di andare oltre il binomio voce recitante &#8211; accompagnamento musicale: la voce \u00e8 considerata uno strumento al pari degli altri, c&#8217;\u00e8 un lavoro prosodico e ritmico, c&#8217;\u00e8 un lavoro su timbri e toni, c&#8217;\u00e8 il cantato-parlato, c&#8217;\u00e8 il declamato, c&#8217;\u00e8 il salmodiato&#8230; Al cantato vero e proprio pensa <strong>Claudia Finetti<\/strong>, che interpreta due brani d&#8217;epoca, uno dei quali \u00e8 <em>Triste domenica<\/em>, l&#8217;ultima canzone cantata da Emilio, accompagnandosi con la chitarra, pochi minuti prima di morire.<\/p>\n<p>Una versione \u00abradiodramma musicale\u00bb di <em>Emilio Comici Blues<\/em> \u00e8 stata trasmessa su Radio Rai Friuli-Venezia Giulia, in tre puntate, nel febbraio-marzo 2015. <a href=\"http:\/\/www.wumingfoundation.com\/giap\/2015\/06\/scarica-emilio-comici-blues-radiodramma-musicale-di-wu-ming-1-funambolique-tratto-da-pointlenana\/\">Qui si pu\u00f2\u00a0scaricare\/ascoltare tutta di fila<\/a>.<\/p>\n<p><strong>Per info:<\/strong>\u00a0funambolique@yahoo.it \u2013 <span lang=\"EN-US\">3490063570<\/span><\/p>\n<h4 style=\"text-align: center;\"><strong>Z\u00f3 b\u00f2t!!! <\/strong>(in tour dal 2014)<\/h4>\n<p style=\"text-align: center;\"><img loading=\"lazy\" decoding=\"async\" class=\"aligncenter wp-image-26861\" src=\"http:\/\/www.wumingfoundation.com\/giap\/wp-content\/uploads\/2016\/04\/zobot.jpg\" alt=\"Gi\u00f9 botte!\" width=\"500\" height=\"727\" \/><\/p>\n<p>Una lettura-concerto radicale tratta dal romanzo di Wu Ming <em>L&#8217;Armata dei Sonnambuli<\/em> ed eseguita da Cvasi Ming:<br \/>\nWu Ming 1 &#8211; Voce, vociferazioni, \u201cSpirito di Marat\u201d;<br \/>\nFrancesco Cusa &#8211; Batteria, ninnoli e carillons;<br \/>\nVincenzo Vasi &#8211; Basso, theremin, elettronica, voce.<br \/>\nLo scrittore-performer e i due musici lavorano insieme da oltre dieci anni, nella terra di nessuno tra letteratura-ad-alta-voce e improvvisazione radicale post-jazzistica. In questo spettacolo compiono un&#8217;esplorazione sonora del Terrore e dell&#8217;ultraviolenza rappresentati nell&#8217;ultimo romanzo storico di Wu Ming.<br \/>\nStiamo parlando di Parigi tra il 1793 e il 1795. Una Parigi \u201cdeviata\u201d dove si parlano lingue <em>strane<\/em>.<br \/>\nStiamo parlando della Rivoluzione francese, la <em>R\u00e9volution<\/em>, rivoluzione <em>par excellence<\/em> e per antonomasia, madre e template di tutte le rivoluzioni a seguire.<br \/>\nStiamo parlando di <em>das Fluidum<\/em>, il fluido magnetico universale: l&#8217;inconscio, l&#8217;ipnosi, il sonnambulismo, il controllo delle menti.<br \/>\nStiamo parlando di un superoe: Scaramouche, l&#8217;Ammazzaincredibili.<br \/>\n<a href=\"http:\/\/feeds.feedburner.com\/RadioGiapRebelde\">Nel nostro podcast <em>Radio Giap Rebelde<\/em><\/a>, la registrazione\u00a0di\u00a0<em>Z\u00f3 b\u00f2t!!!<\/em>nella versione eseguita alle\u00a0Serre dei Giardini Margherita, Bologna, 20 settembre 2016.<\/p>\n<p><strong>Per info<\/strong>:\u00a0Info@francescocusa.it;\u00a0braccielettrico@alice.it; wu_ming@wumingfoundation.com<\/p>\n<h4 style=\"text-align: center;\"><strong>Omnia sunt communia<\/strong> (dal 2016)<\/h4>\n<p style=\"text-align: center;\"><img loading=\"lazy\" decoding=\"async\" class=\"aligncenter size-full wp-image-26578\" src=\"http:\/\/www.wumingfoundation.com\/giap\/wp-content\/uploads\/2016\/11\/area8.jpg\" alt=\"L'Internazionale\" width=\"580\" height=\"575\" \/><\/p>\n<p>Riflessioni singolari (e musicali) sulla scrittura collettiva. Una conferenza\/concerto.<br \/>\nDue autori che da tempo sono abituati a condividere il lavoro creativo con altri artisti \u2013 il poeta <a href=\"http:\/\/cartacarbonefestival.it\/speaker\/lello-voce\/\">Lello Voce <\/a>e lo scrittore Wu Ming 1\u00a0dialogano tra loro contro il feticcio dell\u2019autorialit\u00e0 individuale ed eseguono dal vivo testi dei loro libri <em>Il fiore inverso<\/em> e <em>Un viaggio che non promettiamo breve<\/em>, accompagnati dalle musiche di <a href=\"http:\/\/cartacarbonefestival.it\/speaker\/frank-nemola\/\">Frank Nemola<\/a>.<br \/>\nUna performance che \u00e8 anche e dibattito e riflessione sulle arti della parola. Una scorribanda nei rapporti tra poesia, amore e insurrezione, con omaggi a\u00a0<strong>Franco Fortini<\/strong>, gli <strong>Area<\/strong>, <strong>Fabrizio De Andr\u00e8<\/strong>, <strong>Horacio Ferrer<\/strong>,\u00a0<strong>Raimbaut D\u2019Aurenga<\/strong>, <strong>Pharoah Sanders<\/strong>, <strong>Bruno Maderna<\/strong>, la resistenza occitana e quant\u2019altro.<br \/>\nOmnia sunt communia \u00e8 andato in scena la prima volta al festival CartaCarbone di Treviso, il 15 ottobre 2016. <a href=\"http:\/\/www.wumingfoundation.com\/giap\/2016\/11\/omnia-sunt-communia\/\">Qui le testimonianze sonore dell&#8217;evento<\/a>.<\/p>\n<p><strong>Per info<\/strong>: lello@lellovoce.it<\/p>\n","protected":false},"excerpt":{"rendered":"Schegge di shrapnel\u00a0(2016) Secondo album per il Wu Ming Contingent,\u00a0sezione musicale della Wu Ming Foundation. Collegato a\u00a0L&#8217;invisibile ovunque.\u00a0I testi sono tratti da documenti, lettere, cartelle cliniche, sentenze, poesie e diari che danno voce al\u00a0tentativo di\u00a0uomini e donne di sfuggire al massacro della Grande guerra. Per i concerti\u00a0del 2016, la band \u00e8 formata da Wu Ming [&hellip;]","protected":false},"author":1,"featured_media":24775,"parent":0,"menu_order":0,"comment_status":"closed","ping_status":"open","template":"","meta":{"footnotes":""},"class_list":["post-24774","page","type-page","status-publish","has-post-thumbnail","hentry"],"yoast_head":"<!-- This site is optimized with the Yoast SEO plugin v27.3 - https:\/\/yoast.com\/product\/yoast-seo-wordpress\/ -->\n<title>Spettacoli, letture, reading e concerti in tourn\u00e9e. - Giap<\/title>\n<meta name=\"robots\" content=\"index, follow, max-snippet:-1, max-image-preview:large, max-video-preview:-1\" \/>\n<link rel=\"canonical\" href=\"https:\/\/www.wumingfoundation.com\/giap\/spettacoli-letture-reading-e-concerti-in-tournee\/\" \/>\n<meta property=\"og:locale\" content=\"it_IT\" \/>\n<meta property=\"og:type\" content=\"article\" \/>\n<meta property=\"og:title\" content=\"Spettacoli, letture, reading e concerti in tourn\u00e9e. - Giap\" \/>\n<meta property=\"og:description\" content=\"Schegge di shrapnel\u00a0(2016) Secondo album per il Wu Ming Contingent,\u00a0sezione musicale della Wu Ming Foundation. Collegato a\u00a0L&#8217;invisibile ovunque.\u00a0I testi sono tratti da documenti, lettere, cartelle cliniche, sentenze, poesie e diari che danno voce al\u00a0tentativo di\u00a0uomini e donne di sfuggire al massacro della Grande guerra. Per i concerti\u00a0del 2016, la band \u00e8 formata da Wu Ming [&hellip;]\" \/>\n<meta property=\"og:url\" content=\"https:\/\/www.wumingfoundation.com\/giap\/spettacoli-letture-reading-e-concerti-in-tournee\/\" \/>\n<meta property=\"og:site_name\" content=\"Giap\" \/>\n<meta property=\"article:modified_time\" content=\"2016-12-01T19:30:06+00:00\" \/>\n<meta property=\"og:image\" content=\"https:\/\/www.wumingfoundation.com\/giap\/wp-content\/uploads\/2016\/04\/WUMINGcover.jpg\" \/>\n\t<meta property=\"og:image:width\" content=\"500\" \/>\n\t<meta property=\"og:image:height\" content=\"453\" \/>\n\t<meta property=\"og:image:type\" content=\"image\/jpeg\" \/>\n<meta name=\"twitter:card\" content=\"summary_large_image\" \/>\n<meta name=\"twitter:site\" content=\"@Wu_Ming_Foundt\" \/>\n<meta name=\"twitter:label1\" content=\"Tempo di lettura stimato\" \/>\n\t<meta name=\"twitter:data1\" content=\"5 minuti\" \/>\n<script type=\"application\/ld+json\" class=\"yoast-schema-graph\">{\"@context\":\"https:\\\/\\\/schema.org\",\"@graph\":[{\"@type\":\"WebPage\",\"@id\":\"https:\\\/\\\/www.wumingfoundation.com\\\/giap\\\/spettacoli-letture-reading-e-concerti-in-tournee\\\/\",\"url\":\"https:\\\/\\\/www.wumingfoundation.com\\\/giap\\\/spettacoli-letture-reading-e-concerti-in-tournee\\\/\",\"name\":\"Spettacoli, letture, reading e concerti in tourn\u00e9e. - Giap\",\"isPartOf\":{\"@id\":\"https:\\\/\\\/www.wumingfoundation.com\\\/giap\\\/#website\"},\"primaryImageOfPage\":{\"@id\":\"https:\\\/\\\/www.wumingfoundation.com\\\/giap\\\/spettacoli-letture-reading-e-concerti-in-tournee\\\/#primaryimage\"},\"image\":{\"@id\":\"https:\\\/\\\/www.wumingfoundation.com\\\/giap\\\/spettacoli-letture-reading-e-concerti-in-tournee\\\/#primaryimage\"},\"thumbnailUrl\":\"https:\\\/\\\/www.wumingfoundation.com\\\/giap\\\/wp-content\\\/uploads\\\/2016\\\/04\\\/WUMINGcover.jpg\",\"datePublished\":\"2016-04-23T10:25:09+00:00\",\"dateModified\":\"2016-12-01T19:30:06+00:00\",\"breadcrumb\":{\"@id\":\"https:\\\/\\\/www.wumingfoundation.com\\\/giap\\\/spettacoli-letture-reading-e-concerti-in-tournee\\\/#breadcrumb\"},\"inLanguage\":\"it-IT\",\"potentialAction\":[{\"@type\":\"ReadAction\",\"target\":[\"https:\\\/\\\/www.wumingfoundation.com\\\/giap\\\/spettacoli-letture-reading-e-concerti-in-tournee\\\/\"]}]},{\"@type\":\"ImageObject\",\"inLanguage\":\"it-IT\",\"@id\":\"https:\\\/\\\/www.wumingfoundation.com\\\/giap\\\/spettacoli-letture-reading-e-concerti-in-tournee\\\/#primaryimage\",\"url\":\"https:\\\/\\\/www.wumingfoundation.com\\\/giap\\\/wp-content\\\/uploads\\\/2016\\\/04\\\/WUMINGcover.jpg\",\"contentUrl\":\"https:\\\/\\\/www.wumingfoundation.com\\\/giap\\\/wp-content\\\/uploads\\\/2016\\\/04\\\/WUMINGcover.jpg\",\"width\":500,\"height\":453},{\"@type\":\"BreadcrumbList\",\"@id\":\"https:\\\/\\\/www.wumingfoundation.com\\\/giap\\\/spettacoli-letture-reading-e-concerti-in-tournee\\\/#breadcrumb\",\"itemListElement\":[{\"@type\":\"ListItem\",\"position\":1,\"name\":\"Home\",\"item\":\"https:\\\/\\\/www.wumingfoundation.com\\\/giap\\\/\"},{\"@type\":\"ListItem\",\"position\":2,\"name\":\"Spettacoli, letture, reading e concerti in tourn\u00e9e.\"}]},{\"@type\":\"WebSite\",\"@id\":\"https:\\\/\\\/www.wumingfoundation.com\\\/giap\\\/#website\",\"url\":\"https:\\\/\\\/www.wumingfoundation.com\\\/giap\\\/\",\"name\":\"Giap\",\"description\":\"Il sito ufficiale di Wu Ming, collettivo di scrittori\",\"potentialAction\":[{\"@type\":\"SearchAction\",\"target\":{\"@type\":\"EntryPoint\",\"urlTemplate\":\"https:\\\/\\\/www.wumingfoundation.com\\\/giap\\\/?s={search_term_string}\"},\"query-input\":{\"@type\":\"PropertyValueSpecification\",\"valueRequired\":true,\"valueName\":\"search_term_string\"}}],\"inLanguage\":\"it-IT\"}]}<\/script>\n<!-- \/ Yoast SEO plugin. -->","yoast_head_json":{"title":"Spettacoli, letture, reading e concerti in tourn\u00e9e. - Giap","robots":{"index":"index","follow":"follow","max-snippet":"max-snippet:-1","max-image-preview":"max-image-preview:large","max-video-preview":"max-video-preview:-1"},"canonical":"https:\/\/www.wumingfoundation.com\/giap\/spettacoli-letture-reading-e-concerti-in-tournee\/","og_locale":"it_IT","og_type":"article","og_title":"Spettacoli, letture, reading e concerti in tourn\u00e9e. - Giap","og_description":"Schegge di shrapnel\u00a0(2016) Secondo album per il Wu Ming Contingent,\u00a0sezione musicale della Wu Ming Foundation. Collegato a\u00a0L&#8217;invisibile ovunque.\u00a0I testi sono tratti da documenti, lettere, cartelle cliniche, sentenze, poesie e diari che danno voce al\u00a0tentativo di\u00a0uomini e donne di sfuggire al massacro della Grande guerra. Per i concerti\u00a0del 2016, la band \u00e8 formata da Wu Ming [&hellip;]","og_url":"https:\/\/www.wumingfoundation.com\/giap\/spettacoli-letture-reading-e-concerti-in-tournee\/","og_site_name":"Giap","article_modified_time":"2016-12-01T19:30:06+00:00","og_image":[{"width":500,"height":453,"url":"https:\/\/www.wumingfoundation.com\/giap\/wp-content\/uploads\/2016\/04\/WUMINGcover.jpg","type":"image\/jpeg"}],"twitter_card":"summary_large_image","twitter_site":"@Wu_Ming_Foundt","twitter_misc":{"Tempo di lettura stimato":"5 minuti"},"schema":{"@context":"https:\/\/schema.org","@graph":[{"@type":"WebPage","@id":"https:\/\/www.wumingfoundation.com\/giap\/spettacoli-letture-reading-e-concerti-in-tournee\/","url":"https:\/\/www.wumingfoundation.com\/giap\/spettacoli-letture-reading-e-concerti-in-tournee\/","name":"Spettacoli, letture, reading e concerti in tourn\u00e9e. - Giap","isPartOf":{"@id":"https:\/\/www.wumingfoundation.com\/giap\/#website"},"primaryImageOfPage":{"@id":"https:\/\/www.wumingfoundation.com\/giap\/spettacoli-letture-reading-e-concerti-in-tournee\/#primaryimage"},"image":{"@id":"https:\/\/www.wumingfoundation.com\/giap\/spettacoli-letture-reading-e-concerti-in-tournee\/#primaryimage"},"thumbnailUrl":"https:\/\/www.wumingfoundation.com\/giap\/wp-content\/uploads\/2016\/04\/WUMINGcover.jpg","datePublished":"2016-04-23T10:25:09+00:00","dateModified":"2016-12-01T19:30:06+00:00","breadcrumb":{"@id":"https:\/\/www.wumingfoundation.com\/giap\/spettacoli-letture-reading-e-concerti-in-tournee\/#breadcrumb"},"inLanguage":"it-IT","potentialAction":[{"@type":"ReadAction","target":["https:\/\/www.wumingfoundation.com\/giap\/spettacoli-letture-reading-e-concerti-in-tournee\/"]}]},{"@type":"ImageObject","inLanguage":"it-IT","@id":"https:\/\/www.wumingfoundation.com\/giap\/spettacoli-letture-reading-e-concerti-in-tournee\/#primaryimage","url":"https:\/\/www.wumingfoundation.com\/giap\/wp-content\/uploads\/2016\/04\/WUMINGcover.jpg","contentUrl":"https:\/\/www.wumingfoundation.com\/giap\/wp-content\/uploads\/2016\/04\/WUMINGcover.jpg","width":500,"height":453},{"@type":"BreadcrumbList","@id":"https:\/\/www.wumingfoundation.com\/giap\/spettacoli-letture-reading-e-concerti-in-tournee\/#breadcrumb","itemListElement":[{"@type":"ListItem","position":1,"name":"Home","item":"https:\/\/www.wumingfoundation.com\/giap\/"},{"@type":"ListItem","position":2,"name":"Spettacoli, letture, reading e concerti in tourn\u00e9e."}]},{"@type":"WebSite","@id":"https:\/\/www.wumingfoundation.com\/giap\/#website","url":"https:\/\/www.wumingfoundation.com\/giap\/","name":"Giap","description":"Il sito ufficiale di Wu Ming, collettivo di scrittori","potentialAction":[{"@type":"SearchAction","target":{"@type":"EntryPoint","urlTemplate":"https:\/\/www.wumingfoundation.com\/giap\/?s={search_term_string}"},"query-input":{"@type":"PropertyValueSpecification","valueRequired":true,"valueName":"search_term_string"}}],"inLanguage":"it-IT"}]}},"_links":{"self":[{"href":"https:\/\/www.wumingfoundation.com\/giap\/wp-json\/wp\/v2\/pages\/24774","targetHints":{"allow":["GET"]}}],"collection":[{"href":"https:\/\/www.wumingfoundation.com\/giap\/wp-json\/wp\/v2\/pages"}],"about":[{"href":"https:\/\/www.wumingfoundation.com\/giap\/wp-json\/wp\/v2\/types\/page"}],"author":[{"embeddable":true,"href":"https:\/\/www.wumingfoundation.com\/giap\/wp-json\/wp\/v2\/users\/1"}],"replies":[{"embeddable":true,"href":"https:\/\/www.wumingfoundation.com\/giap\/wp-json\/wp\/v2\/comments?post=24774"}],"version-history":[{"count":0,"href":"https:\/\/www.wumingfoundation.com\/giap\/wp-json\/wp\/v2\/pages\/24774\/revisions"}],"wp:featuredmedia":[{"embeddable":true,"href":"https:\/\/www.wumingfoundation.com\/giap\/wp-json\/wp\/v2\/media\/24775"}],"wp:attachment":[{"href":"https:\/\/www.wumingfoundation.com\/giap\/wp-json\/wp\/v2\/media?parent=24774"}],"curies":[{"name":"wp","href":"https:\/\/api.w.org\/{rel}","templated":true}]}}